{"id":382,"date":"2022-11-29T20:23:41","date_gmt":"2022-11-29T20:23:41","guid":{"rendered":"http:\/\/www.leneandlijensen.dk\/?page_id=382"},"modified":"2022-11-29T20:49:17","modified_gmt":"2022-11-29T20:49:17","slug":"online-sessioner","status":"publish","type":"page","link":"http:\/\/www.leneandlijensen.dk\/?page_id=382","title":{"rendered":"Online sessioner"},"content":{"rendered":"<p>[vc_row][vc_column width=&#8221;1\/6&#8243;][\/vc_column][vc_column width=&#8221;2\/3&#8243; css=&#8221;.vc_custom_1669754954809{margin-bottom: 30px !important;}&#8221;][vc_column_text]<span style=\"font-size: large;\"><b>Online<\/b><\/span> <span style=\"font-size: large;\"><b>sessioner<\/b><\/span><\/p>\n<p>Online sessioner kan v\u00e6re relevant hvis du bor langt fra min klinik, bor i udlandet eller hvis du af forskellige grunde ikke har mulighed for fremm\u00f8de i klinikken.<\/p>\n<p>Jeg har gode erfaringer med online forl\u00f8b. Fra forskningen ved man at udbyttet af onlinebehandling er liges\u00e5 h\u00f8jt som af face-to-face behandling.<\/p>\n<p>Rent praktisk kan vi enten tale sammen telefonisk eller vi kan kommunikere via platformen Signal, som er en gratis og sikker forbindelse der giver mulighed for video. Forud for vores f\u00f8rste samtale skal du downloade appen Signal p\u00e5 din telefon eller computer.[\/vc_column_text][\/vc_column][vc_column width=&#8221;1\/6&#8243;][\/vc_column][\/vc_row]<\/p>\n","protected":false},"excerpt":{"rendered":"<p>[vc_row][vc_column width=&#8221;1\/6&#8243;][\/vc_column][vc_column width=&#8221;2\/3&#8243; css=&#8221;.vc_custom_1669754954809{margin-bottom: 30px !important;}&#8221;][vc_column_text]Online sessioner Online sessioner kan v\u00e6re relevant hvis du bor langt fra min klinik, bor i udlandet eller hvis du af forskellige grunde ikke har mulighed for fremm\u00f8de i klinikken. Jeg har gode erfaringer med online forl\u00f8b. Fra forskningen ved [&hellip;]<\/p>\n","protected":false},"author":1,"featured_media":0,"parent":0,"menu_order":0,"comment_status":"closed","ping_status":"closed","template":"","meta":{"footnotes":""},"_links":{"self":[{"href":"http:\/\/www.leneandlijensen.dk\/index.php?rest_route=\/wp\/v2\/pages\/382"}],"collection":[{"href":"http:\/\/www.leneandlijensen.dk\/index.php?rest_route=\/wp\/v2\/pages"}],"about":[{"href":"http:\/\/www.leneandlijensen.dk\/index.php?rest_route=\/wp\/v2\/types\/page"}],"author":[{"embeddable":true,"href":"http:\/\/www.leneandlijensen.dk\/index.php?rest_route=\/wp\/v2\/users\/1"}],"replies":[{"embeddable":true,"href":"http:\/\/www.leneandlijensen.dk\/index.php?rest_route=%2Fwp%2Fv2%2Fcomments&post=382"}],"version-history":[{"count":2,"href":"http:\/\/www.leneandlijensen.dk\/index.php?rest_route=\/wp\/v2\/pages\/382\/revisions"}],"predecessor-version":[{"id":388,"href":"http:\/\/www.leneandlijensen.dk\/index.php?rest_route=\/wp\/v2\/pages\/382\/revisions\/388"}],"wp:attachment":[{"href":"http:\/\/www.leneandlijensen.dk\/index.php?rest_route=%2Fwp%2Fv2%2Fmedia&parent=382"}],"curies":[{"name":"wp","href":"https:\/\/api.w.org\/{rel}","templated":true}]}}