{"id":384,"date":"2022-11-29T20:27:43","date_gmt":"2022-11-29T20:27:43","guid":{"rendered":"http:\/\/www.leneandlijensen.dk\/?page_id=384"},"modified":"2023-09-02T13:11:01","modified_gmt":"2023-09-02T13:11:01","slug":"8-ugers-mindfulness-forloeb","status":"publish","type":"page","link":"http:\/\/www.leneandlijensen.dk\/?page_id=384","title":{"rendered":"6 ugers Mindfulness forl\u00f8b"},"content":{"rendered":"<p>[vc_row css=&#8221;.vc_custom_1692774642177{margin-bottom: 30px !important;}&#8221;][vc_column width=&#8221;1\/6&#8243;][\/vc_column][vc_column width=&#8221;2\/3&#8243;][vc_column_text]<\/p>\n<div><strong>En dag om mindfulness &#8211; s\u00f8ndag d. 8.10 kl. 10-15<\/strong><\/div>\n<div><\/div>\n<div><strong>Dagen vil indeholde;<\/strong><\/div>\n<div><strong>-korte opl\u00e6g om mindfulness, stress og nervesystemet<\/strong><\/div>\n<div><strong>-praksis\u00f8velser i form af:<\/strong><\/div>\n<ul>\n<li><strong>\u00a0 \u00a0 opm\u00e6rksomhed p\u00e5 \u00e5ndedr\u00e6ttet<\/strong><\/li>\n<li><strong>\u00a0 \u00a0 siddende meditation<\/strong><\/li>\n<li><strong>\u00a0 \u00a0 kropsscanning<\/strong><\/li>\n<li><strong>\u00a0 \u00a0 enkel yoga<\/strong><\/li>\n<li><strong>\u00a0 \u00a0 g\u00e5ende meditation<\/strong><\/li>\n<\/ul>\n<div><\/div>\n<div><strong>Dagen er \u00e5ben for alle &#8211; b\u00e5de dig der ikke har nogen erfaring med mindfulness og dig der \u00f8nsker at genopfriske eller fordybe din praksis.<\/strong><\/div>\n<div><\/div>\n<div><strong>Prisen for deltagelse i dagen er 400 kr.<\/strong><\/div>\n<div><\/div>\n<div><strong>Sted: KU.BE, lokale: LAB,<\/strong><\/div>\n<div><strong>Dirch Passers Alle 4, 2000 Frederiksberg.<\/strong><\/div>\n<div><strong>Der er adgang for k\u00f8restol.<\/strong><\/div>\n<div><\/div>\n<div><strong>Om underviserne:<\/strong><\/div>\n<div><strong>Anne Rosenvold \u2013 Psykoterapeut MPF, SE -chok\/traumeterapeut. Mail: kontakt@annerosenvold.dk<\/strong><\/div>\n<div><strong>Lene Andli Jensen \u2013 Autoriseret Psykolog, parterapeut. Mail: leneeria@yahoo.dk<\/strong><\/div>\n<div><strong>Vi er begge uddannede MBSR undervisere p\u00e5 Dansk Center for Mindfulness, \u00c5rhus Universitet.<\/strong><\/div>\n<div><\/div>\n<div><strong>For sp\u00f8rgsm\u00e5l eller tilmelding, skriv eller ring<\/strong><\/div>\n<div><strong>22325874 Lene eller 53550027 Anne<\/strong><\/div>\n<div><\/div>\n<div><strong>Mange hilsner<\/strong><\/div>\n<div><strong>Anne og Lene<\/strong><\/div>\n<p>[\/vc_column_text][\/vc_column][vc_column width=&#8221;1\/6&#8243;][\/vc_column][\/vc_row]<\/p>\n","protected":false},"excerpt":{"rendered":"<p>[vc_row css=&#8221;.vc_custom_1692774642177{margin-bottom: 30px !important;}&#8221;][vc_column width=&#8221;1\/6&#8243;][\/vc_column][vc_column width=&#8221;2\/3&#8243;][vc_column_text] En dag om mindfulness &#8211; s\u00f8ndag d. 8.10 kl. 10-15 Dagen vil indeholde; -korte opl\u00e6g om mindfulness, stress og nervesystemet -praksis\u00f8velser i form af: \u00a0 \u00a0 opm\u00e6rksomhed p\u00e5 \u00e5ndedr\u00e6ttet \u00a0 \u00a0 siddende meditation \u00a0 \u00a0 kropsscanning \u00a0 \u00a0 enkel [&hellip;]<\/p>\n","protected":false},"author":1,"featured_media":0,"parent":0,"menu_order":0,"comment_status":"closed","ping_status":"closed","template":"","meta":{"footnotes":""},"_links":{"self":[{"href":"http:\/\/www.leneandlijensen.dk\/index.php?rest_route=\/wp\/v2\/pages\/384"}],"collection":[{"href":"http:\/\/www.leneandlijensen.dk\/index.php?rest_route=\/wp\/v2\/pages"}],"about":[{"href":"http:\/\/www.leneandlijensen.dk\/index.php?rest_route=\/wp\/v2\/types\/page"}],"author":[{"embeddable":true,"href":"http:\/\/www.leneandlijensen.dk\/index.php?rest_route=\/wp\/v2\/users\/1"}],"replies":[{"embeddable":true,"href":"http:\/\/www.leneandlijensen.dk\/index.php?rest_route=%2Fwp%2Fv2%2Fcomments&post=384"}],"version-history":[{"count":9,"href":"http:\/\/www.leneandlijensen.dk\/index.php?rest_route=\/wp\/v2\/pages\/384\/revisions"}],"predecessor-version":[{"id":408,"href":"http:\/\/www.leneandlijensen.dk\/index.php?rest_route=\/wp\/v2\/pages\/384\/revisions\/408"}],"wp:attachment":[{"href":"http:\/\/www.leneandlijensen.dk\/index.php?rest_route=%2Fwp%2Fv2%2Fmedia&parent=384"}],"curies":[{"name":"wp","href":"https:\/\/api.w.org\/{rel}","templated":true}]}}