{"id":8,"date":"2015-05-27T22:01:38","date_gmt":"2015-05-27T22:01:38","guid":{"rendered":"http:\/\/www.leneandlijensen.dk\/?page_id=8"},"modified":"2022-11-29T20:22:50","modified_gmt":"2022-11-29T20:22:50","slug":"individuel-terapi","status":"publish","type":"page","link":"http:\/\/www.leneandlijensen.dk\/?page_id=8","title":{"rendered":"Individuel Terapi"},"content":{"rendered":"<p>[vc_row][vc_column width=&#8221;1\/6&#8243;][vc_column_text css=&#8221;.vc_custom_1562629681918{margin-top: 40px !important;margin-right: 10px !important;margin-bottom: 50px !important;margin-left: 10px !important;}&#8221;][\/vc_column_text][\/vc_column][vc_column width=&#8221;2\/3&#8243;][vc_column_text css=&#8221;.vc_custom_1562630259232{margin-top: 30px !important;margin-right: 15px !important;margin-bottom: 30px !important;margin-left: 15px !important;}&#8221;]<span style=\"font-weight: 400;\">Den individuelle terapi kan v\u00e6re et l\u00e6ngerevarende udviklingsforl\u00f8b eller det kan v\u00e6re et kortere terapiforl\u00f8b omkring en mere konkret og afgr\u00e6nset problematik.<\/span><\/p>\n<p><span style=\"font-weight: 400;\">Den terapeutiske proces kan rumme bearbejdning af psykiske dilemmaer eller af oplevelser der pr\u00e6ger livskvaliteten. <\/span><\/p>\n<p><span style=\"font-weight: 400;\">I terapien kan du arbejde med temaer som; <\/span><\/p>\n<p><span style=\"font-weight: 400;\">&#8211; vanskeligheder i n\u00e6re relationer, vanskeligheder med at etablere eller vedligeholde kontakt <\/span><\/p>\n<p><span style=\"font-weight: 400;\">&#8211; kriser eller eksistentielle dilemmaerne <\/span><\/p>\n<p><span style=\"font-weight: 400;\">&#8211; angst og depression<\/span><\/p>\n<p><span style=\"font-weight: 400;\">&#8211; vanskeligheder med intimitet og seksualitet <\/span><\/p>\n<p><span style=\"font-weight: 400;\">&#8211; evnen til at m\u00e6rke dig selv<\/span><\/p>\n<p><span style=\"font-weight: 400;\">&#8211; evnen til at s\u00e6tte gr\u00e6nse eller manifestere \u00f8nsker og behov<\/span><\/p>\n<p><span style=\"font-weight: 400;\">&#8211; somatisk sygdom, livstruende sygdom, smerteproblematik <\/span><\/p>\n<p><span style=\"font-weight: 400;\">&#8211; problemer omkring selvv\u00e6rd<\/span><\/p>\n<p><span style=\"font-weight: 400;\">&#8211; stress og belastningsreaktioner<\/span><\/p>\n<p><span style=\"font-weight: 400;\">&#8211; arbejdsrelaterede problemstillinger \u00a0<\/span><\/p>\n<p><span style=\"font-weight: 400;\">&#8211; skilsmisse<\/span><\/p>\n<p><span style=\"font-weight: 400;\">&#8211; d\u00f8dsfald, tab og sorg<\/span>[\/vc_column_text][\/vc_column][vc_column width=&#8221;1\/6&#8243;][\/vc_column][\/vc_row][vc_row content_aligment=&#8221;center&#8221;][vc_column css=&#8221;.vc_custom_1562627514259{padding-top: 250px !important;padding-bottom: 250px !important;background-image: url(http:\/\/www.leneandlijensen.dk\/wp-content\/uploads\/2018\/02\/plants-closeup-nature-1.jpg?id=188) !important;background-position: center !important;background-repeat: no-repeat !important;background-size: cover !important;}&#8221;][\/vc_column][\/vc_row][vc_row][vc_column width=&#8221;1\/4&#8243;][\/vc_column][vc_column width=&#8221;1\/2&#8243;][vc_column_text css=&#8221;.vc_custom_1562630151724{margin-top: 50px !important;margin-right: 15px !important;margin-bottom: 50px !important;margin-left: 15px !important;}&#8221;]<b>Sorg<\/b><b><br \/>\n<\/b><span style=\"font-weight: 400;\">N\u00e5r et menneske bliver ramt af alvorlig eller livstruende sygdom p\u00e5virkes hele familien. Her kan b\u00f8rn og\/eller voksne have gavn af r\u00e5dgivning og st\u00f8tte til h\u00e5ndtering af det nye sv\u00e6re der sker. I processen hvor barnet\/den unge mister eller har mistet en for\u00e6lder eller en anden med betydning, kan det v\u00e6re betydningsfuldt at f\u00e5 hj\u00e6lp til at gennemleve sorgprocessen, eller til at h\u00e5ndtere mere komplicerede sorgreaktioner.<\/span><\/p>\n<p><span style=\"font-weight: 400;\">Jeg arbejder med krise, tab og sorg hos b\u00e5de b\u00f8rn, unge og voksne.<\/span>[\/vc_column_text][\/vc_column][vc_column width=&#8221;1\/4&#8243;][\/vc_column][\/vc_row]<\/p>\n","protected":false},"excerpt":{"rendered":"<p>[vc_row][vc_column width=&#8221;1\/6&#8243;][vc_column_text css=&#8221;.vc_custom_1562629681918{margin-top: 40px !important;margin-right: 10px !important;margin-bottom: 50px !important;margin-left: 10px !important;}&#8221;][\/vc_column_text][\/vc_column][vc_column width=&#8221;2\/3&#8243;][vc_column_text css=&#8221;.vc_custom_1562630259232{margin-top: 30px !important;margin-right: 15px !important;margin-bottom: 30px !important;margin-left: 15px !important;}&#8221;]Den individuelle terapi kan v\u00e6re et l\u00e6ngerevarende udviklingsforl\u00f8b eller det kan v\u00e6re et kortere terapiforl\u00f8b omkring en mere konkret og afgr\u00e6nset problematik. Den terapeutiske proces [&hellip;]<\/p>\n","protected":false},"author":1,"featured_media":0,"parent":0,"menu_order":2,"comment_status":"open","ping_status":"closed","template":"full-width.php","meta":{"footnotes":""},"_links":{"self":[{"href":"http:\/\/www.leneandlijensen.dk\/index.php?rest_route=\/wp\/v2\/pages\/8"}],"collection":[{"href":"http:\/\/www.leneandlijensen.dk\/index.php?rest_route=\/wp\/v2\/pages"}],"about":[{"href":"http:\/\/www.leneandlijensen.dk\/index.php?rest_route=\/wp\/v2\/types\/page"}],"author":[{"embeddable":true,"href":"http:\/\/www.leneandlijensen.dk\/index.php?rest_route=\/wp\/v2\/users\/1"}],"replies":[{"embeddable":true,"href":"http:\/\/www.leneandlijensen.dk\/index.php?rest_route=%2Fwp%2Fv2%2Fcomments&post=8"}],"version-history":[{"count":41,"href":"http:\/\/www.leneandlijensen.dk\/index.php?rest_route=\/wp\/v2\/pages\/8\/revisions"}],"predecessor-version":[{"id":381,"href":"http:\/\/www.leneandlijensen.dk\/index.php?rest_route=\/wp\/v2\/pages\/8\/revisions\/381"}],"wp:attachment":[{"href":"http:\/\/www.leneandlijensen.dk\/index.php?rest_route=%2Fwp%2Fv2%2Fmedia&parent=8"}],"curies":[{"name":"wp","href":"https:\/\/api.w.org\/{rel}","templated":true}]}}